{"id":706,"date":"2022-10-29T18:32:55","date_gmt":"2022-10-29T18:32:55","guid":{"rendered":"https:\/\/wessambiental.com.ar\/?page_id=706"},"modified":"2022-10-29T22:11:37","modified_gmt":"2022-10-29T22:11:37","slug":"estudio-de-impacto-ambiental","status":"publish","type":"page","link":"https:\/\/wessambiental.com.ar\/index.php\/estudio-de-impacto-ambiental\/","title":{"rendered":"Estudio de Impacto Ambiental"},"content":{"rendered":"\n<div class=\"wp-block-cover alignwide\" style=\"min-height:200px\"><span aria-hidden=\"true\" class=\"wp-block-cover__background has-background-dim\"><\/span><img loading=\"lazy\" width=\"2560\" height=\"1709\" class=\"wp-block-cover__image-background wp-image-42\" alt=\"\" src=\"https:\/\/wessambiental.com.ar\/wp-content\/uploads\/2022\/09\/gestion-scaled.jpg\" style=\"object-position:49% 31%\" data-object-fit=\"cover\" data-object-position=\"49% 31%\" srcset=\"https:\/\/wessambiental.com.ar\/wp-content\/uploads\/2022\/09\/gestion-scaled.jpg 2560w, https:\/\/wessambiental.com.ar\/wp-content\/uploads\/2022\/09\/gestion-300x200.jpg 300w, https:\/\/wessambiental.com.ar\/wp-content\/uploads\/2022\/09\/gestion-1024x684.jpg 1024w, https:\/\/wessambiental.com.ar\/wp-content\/uploads\/2022\/09\/gestion-768x513.jpg 768w, https:\/\/wessambiental.com.ar\/wp-content\/uploads\/2022\/09\/gestion-1536x1025.jpg 1536w, https:\/\/wessambiental.com.ar\/wp-content\/uploads\/2022\/09\/gestion-2048x1367.jpg 2048w\" sizes=\"(max-width: 2560px) 100vw, 2560px\" \/><div class=\"wp-block-cover__inner-container\">\n<p class=\"has-text-align-center has-large-font-size\"><\/p>\n<\/div><\/div>\n\n\n\n<div class=\"wp-block-cover alignfull is-light\" style=\"padding-right:10%;padding-left:10%;min-height:100px\"><span aria-hidden=\"true\" class=\"wp-block-cover__background has-background-dim-0 has-background-dim\"><\/span><img loading=\"lazy\" width=\"1921\" height=\"1080\" class=\"wp-block-cover__image-background wp-image-46\" alt=\"\" src=\"https:\/\/wessambiental.com.ar\/wp-content\/uploads\/2022\/09\/fondo-01.png\" style=\"object-position:16% 55%\" data-object-fit=\"cover\" data-object-position=\"16% 55%\" srcset=\"https:\/\/wessambiental.com.ar\/wp-content\/uploads\/2022\/09\/fondo-01.png 1921w, https:\/\/wessambiental.com.ar\/wp-content\/uploads\/2022\/09\/fondo-01-300x169.png 300w, https:\/\/wessambiental.com.ar\/wp-content\/uploads\/2022\/09\/fondo-01-1024x576.png 1024w, https:\/\/wessambiental.com.ar\/wp-content\/uploads\/2022\/09\/fondo-01-768x432.png 768w, https:\/\/wessambiental.com.ar\/wp-content\/uploads\/2022\/09\/fondo-01-1536x864.png 1536w\" sizes=\"(max-width: 1921px) 100vw, 1921px\" \/><div class=\"wp-block-cover__inner-container\">\n<div class=\"wp-container-2 is-nowrap wp-block-group\">\n<div class=\"wp-container-1 is-nowrap wp-block-group titulo-servicio\" style=\"padding-right:10px\">\n<figure class=\"wp-block-image size-full\"><img loading=\"lazy\" width=\"160\" height=\"54\" src=\"https:\/\/wessambiental.com.ar\/wp-content\/uploads\/2022\/09\/isotipo-02-e1662703919737.png\" alt=\"\" class=\"wp-image-48\"\/><\/figure>\n\n\n\n<h2 class=\"tittle-dark\" style=\"font-style:normal;font-weight:600\">SERVICIOS\/ <\/h2>\n<\/div>\n\n\n\n<h3 class=\"has-large-font-size\">Estudio de Impacto Ambiental<\/h3>\n<\/div>\n<\/div><\/div>\n\n\n\n<div class=\"wp-block-cover alignfull is-light servicios-subpage\" style=\"padding-right:10%;padding-left:10%;min-height:100px\"><span aria-hidden=\"true\" class=\"wp-block-cover__background has-background-dim-0 has-background-dim\"><\/span><img loading=\"lazy\" width=\"1921\" height=\"1080\" class=\"wp-block-cover__image-background wp-image-45\" alt=\"\" src=\"https:\/\/wessambiental.com.ar\/wp-content\/uploads\/2022\/09\/fondo-02.png\" data-object-fit=\"cover\" srcset=\"https:\/\/wessambiental.com.ar\/wp-content\/uploads\/2022\/09\/fondo-02.png 1921w, https:\/\/wessambiental.com.ar\/wp-content\/uploads\/2022\/09\/fondo-02-300x169.png 300w, https:\/\/wessambiental.com.ar\/wp-content\/uploads\/2022\/09\/fondo-02-1024x576.png 1024w, https:\/\/wessambiental.com.ar\/wp-content\/uploads\/2022\/09\/fondo-02-768x432.png 768w, https:\/\/wessambiental.com.ar\/wp-content\/uploads\/2022\/09\/fondo-02-1536x864.png 1536w\" sizes=\"(max-width: 1921px) 100vw, 1921px\" \/><div class=\"wp-block-cover__inner-container\">\n<p>En WESS AMBIENTAL, realizamos estos estudios de acuerdo a lo establecido por la Ley de la Provincia de Buenos Aires N\u00ba11459, Dec. Reglamentario N\u00ba1741\/96<\/p>\n\n\n\n<p>Disposici\u00f3n 51\/2020 acumar:&nbsp;Aquellos establecimientos que tienen el deber de actualizar la informaci\u00f3n declarada en el empadronamiento en el presente a\u00f1o 2020 deber\u00e1n hacerlo en el a\u00f1o 2021, en el periodo comprendido entre el 15 de octubre y el 31 de diciembre de 2021 inclusive, conforme a lo establecido en la disposici\u00f3n N\u00b0 371\/2020<\/p>\n\n\n\n<div class=\"wp-container-5 wp-block-columns\">\n<div class=\"wp-container-3 wp-block-column\" style=\"padding-right:2em;flex-basis:100%\">\n<h4 class=\"has-white-background-color has-background has-small-font-size\" style=\"margin-bottom:1em\">Tareas que comprende<\/h4>\n\n\n\n<ul><li>Formulario de Categorizaci\u00f3n Industrial seg\u00fan Ley 11.459\/93 Dec. 1741\/96.<\/li><li>Establecimientos industriales de 2\u00b0, 3\u00b0 Categor\u00eda y Parques Industriales a instalarse.<\/li><li>Evaluaci\u00f3n Ambiental.<\/li><li>Descripci\u00f3n del Proyecto.<\/li><li>Evaluaci\u00f3n de Impacto Ambiental (EIA).<\/li><li>Planes de emergencia interna \/ contingencia.<\/li><li>Auditor\u00eda Ambiental.<\/li><li>Cronograma de correcciones y\/o adecuaciones.<\/li><li>Tr\u00e1mites pertinentes a SAyDS (Secretar\u00eda de Ambiente y Desarrollo Sustentable).<\/li><li>Diagnostico de situaci\u00f3n ambiental.<\/li><li>Estudio de impacto ambiental<\/li><li>CABA: LEY 123 \/ Resoluci\u00f3n 67-APRA-21 \/ Disposici\u00f3n 414-DGEVA-21.<\/li><li>Provincia de Buenos Aires.<\/li><li>Ley 11723 integral del medio ambiente y los recursos naturales.<\/li><li>Ley 11459 radicaci\u00f3n industrial \/ decreto 973-2020.<\/li><li>Decreto 531-2019 \/ resoluci\u00f3n 28-2021.<\/li><li>Inscripciones, renovaciones y taa (tasa ambiental anual).<\/li><li>De residuos peligrosos MAYDS \u2013 APRA.<\/li><li>Inscripciones y DDJJ de residuos especiales OPDS.<\/li><li>Solicitudes de lega (licencia de efluentes gaseosos) ODPS.<\/li><li>Inscripciones en ref (registro de generadores de contaminantes atmosf\u00e9ricos provenientes de fuentes fijas) APRA.<\/li><li>Inscripciones residuos patogenicos APRA.<\/li><li>Sitios contaminados.<\/li><li>Inscripciones en rac (registro de actividades catalogadas) (Como potencialmente contaminantes por ruidos y vibraciones).<\/li><li>Gestiones en acumar: descargos \/ empadronamientos \/ DDJJ anuales y bianuales.<\/li><li>Sao (seguro ambiental obligatorio) planillas de nca \u2013 Asesoramiento.<\/li><li>Gestiones en ministerio de ambiente y desarrollo sostenible: Decretos 674-89 \/  776-92.<\/li><li>Solicitud de cude (c\u00f3digo \u00fanico de identificaci\u00f3n de establecimientos).<\/li><\/ul>\n<\/div>\n\n\n\n<div class=\"wp-container-4 wp-block-column\" style=\"flex-basis:100%\">\n<figure class=\"wp-block-image size-large\"><img loading=\"lazy\" width=\"1024\" height=\"683\" src=\"https:\/\/wessambiental.com.ar\/wp-content\/uploads\/2022\/09\/fondo-02-1024x683.jpg\" alt=\"\" class=\"wp-image-49\" srcset=\"https:\/\/wessambiental.com.ar\/wp-content\/uploads\/2022\/09\/fondo-02-1024x683.jpg 1024w, https:\/\/wessambiental.com.ar\/wp-content\/uploads\/2022\/09\/fondo-02-300x200.jpg 300w, https:\/\/wessambiental.com.ar\/wp-content\/uploads\/2022\/09\/fondo-02-768x512.jpg 768w, https:\/\/wessambiental.com.ar\/wp-content\/uploads\/2022\/09\/fondo-02-1536x1024.jpg 1536w, https:\/\/wessambiental.com.ar\/wp-content\/uploads\/2022\/09\/fondo-02.jpg 1920w\" sizes=\"(max-width: 1024px) 100vw, 1024px\" \/><\/figure>\n\n\n\n<figure class=\"wp-block-image size-large\"><img loading=\"lazy\" width=\"1024\" height=\"684\" src=\"https:\/\/wessambiental.com.ar\/wp-content\/uploads\/2022\/09\/gestion-1024x684.jpg\" alt=\"\" class=\"wp-image-42\" srcset=\"https:\/\/wessambiental.com.ar\/wp-content\/uploads\/2022\/09\/gestion-1024x684.jpg 1024w, https:\/\/wessambiental.com.ar\/wp-content\/uploads\/2022\/09\/gestion-300x200.jpg 300w, https:\/\/wessambiental.com.ar\/wp-content\/uploads\/2022\/09\/gestion-768x513.jpg 768w, https:\/\/wessambiental.com.ar\/wp-content\/uploads\/2022\/09\/gestion-1536x1025.jpg 1536w, https:\/\/wessambiental.com.ar\/wp-content\/uploads\/2022\/09\/gestion-2048x1367.jpg 2048w\" sizes=\"(max-width: 1024px) 100vw, 1024px\" \/><\/figure>\n\n\n\n<figure class=\"wp-block-image size-full\"><img src=\"https:\/\/wessambiental.com.ar\/wp-content\/uploads\/2022\/09\/gestion-ambiental.jpg\" alt=\"\" class=\"wp-image-43\"\/><\/figure>\n\n\n\n<figure class=\"wp-block-image size-large\"><img loading=\"lazy\" width=\"1024\" height=\"473\" src=\"https:\/\/wessambiental.com.ar\/wp-content\/uploads\/2022\/10\/fondo-05-1024x473.jpg\" alt=\"\" class=\"wp-image-690\" srcset=\"https:\/\/wessambiental.com.ar\/wp-content\/uploads\/2022\/10\/fondo-05-1024x473.jpg 1024w, https:\/\/wessambiental.com.ar\/wp-content\/uploads\/2022\/10\/fondo-05-300x139.jpg 300w, https:\/\/wessambiental.com.ar\/wp-content\/uploads\/2022\/10\/fondo-05-768x355.jpg 768w, https:\/\/wessambiental.com.ar\/wp-content\/uploads\/2022\/10\/fondo-05-1536x710.jpg 1536w, https:\/\/wessambiental.com.ar\/wp-content\/uploads\/2022\/10\/fondo-05.jpg 1920w\" sizes=\"(max-width: 1024px) 100vw, 1024px\" \/><\/figure>\n<\/div>\n<\/div>\n<\/div><\/div>\n","protected":false},"excerpt":{"rendered":"","protected":false},"author":1,"featured_media":0,"parent":0,"menu_order":0,"comment_status":"closed","ping_status":"closed","template":"","meta":{"om_disable_all_campaigns":false,"_monsterinsights_skip_tracking":false,"_monsterinsights_sitenote_active":false,"_monsterinsights_sitenote_note":"","_monsterinsights_sitenote_category":0,"_joinchat":[]},"aioseo_notices":[],"_links":{"self":[{"href":"https:\/\/wessambiental.com.ar\/index.php\/wp-json\/wp\/v2\/pages\/706"}],"collection":[{"href":"https:\/\/wessambiental.com.ar\/index.php\/wp-json\/wp\/v2\/pages"}],"about":[{"href":"https:\/\/wessambiental.com.ar\/index.php\/wp-json\/wp\/v2\/types\/page"}],"author":[{"embeddable":true,"href":"https:\/\/wessambiental.com.ar\/index.php\/wp-json\/wp\/v2\/users\/1"}],"replies":[{"embeddable":true,"href":"https:\/\/wessambiental.com.ar\/index.php\/wp-json\/wp\/v2\/comments?post=706"}],"version-history":[{"count":4,"href":"https:\/\/wessambiental.com.ar\/index.php\/wp-json\/wp\/v2\/pages\/706\/revisions"}],"predecessor-version":[{"id":829,"href":"https:\/\/wessambiental.com.ar\/index.php\/wp-json\/wp\/v2\/pages\/706\/revisions\/829"}],"wp:attachment":[{"href":"https:\/\/wessambiental.com.ar\/index.php\/wp-json\/wp\/v2\/media?parent=706"}],"curies":[{"name":"wp","href":"https:\/\/api.w.org\/{rel}","templated":true}]}}