{"id":705,"date":"2022-10-29T18:32:47","date_gmt":"2022-10-29T18:32:47","guid":{"rendered":"https:\/\/wessambiental.com.ar\/?page_id=705"},"modified":"2022-10-29T22:15:04","modified_gmt":"2022-10-29T22:15:04","slug":"ruido-ambiental","status":"publish","type":"page","link":"https:\/\/wessambiental.com.ar\/index.php\/ruido-ambiental\/","title":{"rendered":"Ruido Ambiental"},"content":{"rendered":"\n<div class=\"wp-block-cover alignwide\" style=\"min-height:200px\"><span aria-hidden=\"true\" class=\"wp-block-cover__background has-background-dim\"><\/span><img loading=\"lazy\" width=\"2560\" height=\"1709\" class=\"wp-block-cover__image-background wp-image-42\" alt=\"\" src=\"https:\/\/wessambiental.com.ar\/wp-content\/uploads\/2022\/09\/gestion-scaled.jpg\" style=\"object-position:49% 31%\" data-object-fit=\"cover\" data-object-position=\"49% 31%\" srcset=\"https:\/\/wessambiental.com.ar\/wp-content\/uploads\/2022\/09\/gestion-scaled.jpg 2560w, https:\/\/wessambiental.com.ar\/wp-content\/uploads\/2022\/09\/gestion-300x200.jpg 300w, https:\/\/wessambiental.com.ar\/wp-content\/uploads\/2022\/09\/gestion-1024x684.jpg 1024w, https:\/\/wessambiental.com.ar\/wp-content\/uploads\/2022\/09\/gestion-768x513.jpg 768w, https:\/\/wessambiental.com.ar\/wp-content\/uploads\/2022\/09\/gestion-1536x1025.jpg 1536w, https:\/\/wessambiental.com.ar\/wp-content\/uploads\/2022\/09\/gestion-2048x1367.jpg 2048w\" sizes=\"(max-width: 2560px) 100vw, 2560px\" \/><div class=\"wp-block-cover__inner-container\">\n<p class=\"has-text-align-center has-large-font-size\"><\/p>\n<\/div><\/div>\n\n\n\n<div class=\"wp-block-cover alignfull is-light\" style=\"padding-right:10%;padding-left:10%;min-height:100px\"><span aria-hidden=\"true\" class=\"wp-block-cover__background has-background-dim-0 has-background-dim\"><\/span><img loading=\"lazy\" width=\"1921\" height=\"1080\" class=\"wp-block-cover__image-background wp-image-46\" alt=\"\" src=\"https:\/\/wessambiental.com.ar\/wp-content\/uploads\/2022\/09\/fondo-01.png\" style=\"object-position:16% 55%\" data-object-fit=\"cover\" data-object-position=\"16% 55%\" srcset=\"https:\/\/wessambiental.com.ar\/wp-content\/uploads\/2022\/09\/fondo-01.png 1921w, https:\/\/wessambiental.com.ar\/wp-content\/uploads\/2022\/09\/fondo-01-300x169.png 300w, https:\/\/wessambiental.com.ar\/wp-content\/uploads\/2022\/09\/fondo-01-1024x576.png 1024w, https:\/\/wessambiental.com.ar\/wp-content\/uploads\/2022\/09\/fondo-01-768x432.png 768w, https:\/\/wessambiental.com.ar\/wp-content\/uploads\/2022\/09\/fondo-01-1536x864.png 1536w\" sizes=\"(max-width: 1921px) 100vw, 1921px\" \/><div class=\"wp-block-cover__inner-container\">\n<div class=\"wp-container-2 is-nowrap wp-block-group\">\n<div class=\"wp-container-1 is-nowrap wp-block-group titulo-servicio\" style=\"padding-right:10px\">\n<figure class=\"wp-block-image size-full\"><img loading=\"lazy\" width=\"160\" height=\"54\" src=\"https:\/\/wessambiental.com.ar\/wp-content\/uploads\/2022\/09\/isotipo-02-e1662703919737.png\" alt=\"\" class=\"wp-image-48\"\/><\/figure>\n\n\n\n<h2 class=\"tittle-dark\" style=\"font-style:normal;font-weight:600\">SERVICIOS\/ <\/h2>\n<\/div>\n\n\n\n<h3 class=\"has-large-font-size\">Ruido Ambiental<\/h3>\n<\/div>\n<\/div><\/div>\n\n\n\n<div class=\"wp-block-cover alignfull is-light servicios-subpage\" style=\"padding-right:10%;padding-left:10%;min-height:100px\"><span aria-hidden=\"true\" class=\"wp-block-cover__background has-background-dim-0 has-background-dim\"><\/span><img loading=\"lazy\" width=\"1921\" height=\"1080\" class=\"wp-block-cover__image-background wp-image-45\" alt=\"\" src=\"https:\/\/wessambiental.com.ar\/wp-content\/uploads\/2022\/09\/fondo-02.png\" data-object-fit=\"cover\" srcset=\"https:\/\/wessambiental.com.ar\/wp-content\/uploads\/2022\/09\/fondo-02.png 1921w, https:\/\/wessambiental.com.ar\/wp-content\/uploads\/2022\/09\/fondo-02-300x169.png 300w, https:\/\/wessambiental.com.ar\/wp-content\/uploads\/2022\/09\/fondo-02-1024x576.png 1024w, https:\/\/wessambiental.com.ar\/wp-content\/uploads\/2022\/09\/fondo-02-768x432.png 768w, https:\/\/wessambiental.com.ar\/wp-content\/uploads\/2022\/09\/fondo-02-1536x864.png 1536w\" sizes=\"(max-width: 1921px) 100vw, 1921px\" \/><div class=\"wp-block-cover__inner-container\">\n<p>El ruido es uno de los contaminantes laborales m\u00e1s comunes. Gran cantidad de trabajadores se ven expuestos diariamente a niveles sonoros&nbsp;<em>potencialmente peligrosos para su audici\u00f3n<\/em>, adem\u00e1s de sufrir otros&nbsp;<em>efectos perjudiciales en su salud<\/em>.&nbsp;<\/p>\n\n\n\n<p><strong>En muchos casos, es t\u00e9cnicamente viable controlar el exceso de ruido aplicando t\u00e9cnicas de ingenier\u00eda ac\u00fastica sobre las fuentes que lo generan.<\/strong><\/p>\n\n\n\n<div class=\"wp-container-5 wp-block-columns\">\n<div class=\"wp-container-3 wp-block-column\" style=\"padding-right:2em;flex-basis:100%\">\n<h4 class=\"has-white-background-color has-background has-small-font-size\" style=\"margin-bottom:1em\">Entre los efectos que sufren las personas expuestas al ruido se encuentran:&nbsp;<\/h4>\n\n\n\n<ul><li>Ac\u00fafenos.&nbsp;<\/li><li>P\u00e9rdida de la capacidad auditiva.<\/li><li>Interferencia en la comunicaci\u00f3n.&nbsp;<\/li><li>Malestar, estr\u00e9s, nerviosismo.&nbsp;<\/li><li>Trastornos del aparato digestivo.&nbsp;<\/li><li>Efectos cardiovasculares.&nbsp;<\/li><li>Disminuci\u00f3n del rendimiento laboral.&nbsp;<\/li><li>Incremento de accidentes.&nbsp;<\/li><li>Cambios en el comportamiento social.<\/li><\/ul>\n<\/div>\n\n\n\n<div class=\"wp-container-4 wp-block-column\" style=\"flex-basis:100%\">\n<figure class=\"wp-block-image size-large\"><img loading=\"lazy\" width=\"1024\" height=\"683\" src=\"https:\/\/wessambiental.com.ar\/wp-content\/uploads\/2022\/09\/fondo-02-1024x683.jpg\" alt=\"\" class=\"wp-image-49\" srcset=\"https:\/\/wessambiental.com.ar\/wp-content\/uploads\/2022\/09\/fondo-02-1024x683.jpg 1024w, https:\/\/wessambiental.com.ar\/wp-content\/uploads\/2022\/09\/fondo-02-300x200.jpg 300w, https:\/\/wessambiental.com.ar\/wp-content\/uploads\/2022\/09\/fondo-02-768x512.jpg 768w, https:\/\/wessambiental.com.ar\/wp-content\/uploads\/2022\/09\/fondo-02-1536x1024.jpg 1536w, https:\/\/wessambiental.com.ar\/wp-content\/uploads\/2022\/09\/fondo-02.jpg 1920w\" sizes=\"(max-width: 1024px) 100vw, 1024px\" \/><\/figure>\n<\/div>\n<\/div>\n\n\n\n<p>Por lo antes citado, resulta de suma importancia realizar las mediciones de ruido peri\u00f3dicamente como se indica en la&nbsp;<strong>Resoluci\u00f3n SRT 85\/12:&nbsp;<\/strong><\/p>\n\n\n\n<p><strong>Art\u00edculo 1\u00ba \u2014&nbsp;<\/strong><em>Apru\u00e9base el Protocolo para la Medici\u00f3n del nivePl de Ruido en el Ambiente Laboral, que como Anexo forma parte integrante de la presente resoluci\u00f3n, y que ser\u00e1 de uso obligatorio para todos aquellos que deban medir el nivel de ruido conforme con las previsiones de la Ley de Higiene y Seguridad en el Trabajo N\u00ba 19.587 y sus normas reglamentarias.<\/em><\/p>\n\n\n\n<p><strong>Art. 2\u00ba \u2014<\/strong><em>Establ\u00e9cese que los valores de la medici\u00f3n del nivel de ruido en el ambiente laboral, cuyos datos se plasmar\u00e1n en el protocolo aprobado en el art\u00edculo anterior, tendr\u00e1n una validez de (12) meses.<\/em><\/p>\n<\/div><\/div>\n","protected":false},"excerpt":{"rendered":"","protected":false},"author":1,"featured_media":0,"parent":0,"menu_order":0,"comment_status":"closed","ping_status":"closed","template":"","meta":{"om_disable_all_campaigns":false,"_monsterinsights_skip_tracking":false,"_monsterinsights_sitenote_active":false,"_monsterinsights_sitenote_note":"","_monsterinsights_sitenote_category":0,"_joinchat":[]},"aioseo_notices":[],"_links":{"self":[{"href":"https:\/\/wessambiental.com.ar\/index.php\/wp-json\/wp\/v2\/pages\/705"}],"collection":[{"href":"https:\/\/wessambiental.com.ar\/index.php\/wp-json\/wp\/v2\/pages"}],"about":[{"href":"https:\/\/wessambiental.com.ar\/index.php\/wp-json\/wp\/v2\/types\/page"}],"author":[{"embeddable":true,"href":"https:\/\/wessambiental.com.ar\/index.php\/wp-json\/wp\/v2\/users\/1"}],"replies":[{"embeddable":true,"href":"https:\/\/wessambiental.com.ar\/index.php\/wp-json\/wp\/v2\/comments?post=705"}],"version-history":[{"count":12,"href":"https:\/\/wessambiental.com.ar\/index.php\/wp-json\/wp\/v2\/pages\/705\/revisions"}],"predecessor-version":[{"id":830,"href":"https:\/\/wessambiental.com.ar\/index.php\/wp-json\/wp\/v2\/pages\/705\/revisions\/830"}],"wp:attachment":[{"href":"https:\/\/wessambiental.com.ar\/index.php\/wp-json\/wp\/v2\/media?parent=705"}],"curies":[{"name":"wp","href":"https:\/\/api.w.org\/{rel}","templated":true}]}}