{"id":623,"date":"2022-10-26T07:27:12","date_gmt":"2022-10-26T07:27:12","guid":{"rendered":"https:\/\/wessambiental.com.ar\/?page_id=623"},"modified":"2022-10-29T22:10:17","modified_gmt":"2022-10-29T22:10:17","slug":"preguntas-frecuentes","status":"publish","type":"page","link":"https:\/\/wessambiental.com.ar\/index.php\/preguntas-frecuentes\/","title":{"rendered":"Preguntas Frecuentes"},"content":{"rendered":"\n<div class=\"wp-block-cover alignwide\" style=\"min-height:200px\"><span aria-hidden=\"true\" class=\"wp-block-cover__background has-background-dim\"><\/span><img loading=\"lazy\" width=\"2560\" height=\"1709\" class=\"wp-block-cover__image-background wp-image-42\" alt=\"\" src=\"https:\/\/wessambiental.com.ar\/wp-content\/uploads\/2022\/09\/gestion-scaled.jpg\" style=\"object-position:49% 31%\" data-object-fit=\"cover\" data-object-position=\"49% 31%\" srcset=\"https:\/\/wessambiental.com.ar\/wp-content\/uploads\/2022\/09\/gestion-scaled.jpg 2560w, https:\/\/wessambiental.com.ar\/wp-content\/uploads\/2022\/09\/gestion-300x200.jpg 300w, https:\/\/wessambiental.com.ar\/wp-content\/uploads\/2022\/09\/gestion-1024x684.jpg 1024w, https:\/\/wessambiental.com.ar\/wp-content\/uploads\/2022\/09\/gestion-768x513.jpg 768w, https:\/\/wessambiental.com.ar\/wp-content\/uploads\/2022\/09\/gestion-1536x1025.jpg 1536w, https:\/\/wessambiental.com.ar\/wp-content\/uploads\/2022\/09\/gestion-2048x1367.jpg 2048w\" sizes=\"(max-width: 2560px) 100vw, 2560px\" \/><div class=\"wp-block-cover__inner-container\">\n<p class=\"has-text-align-center has-large-font-size\"><\/p>\n<\/div><\/div>\n\n\n\n<div class=\"wp-block-cover alignfull\" style=\"padding-right:10%;padding-left:10%;min-height:100px\"><span aria-hidden=\"true\" class=\"wp-block-cover__background has-background-dim-0 has-background-dim\"><\/span><img loading=\"lazy\" width=\"1921\" height=\"1080\" class=\"wp-block-cover__image-background wp-image-106\" alt=\"\" src=\"https:\/\/wessambiental.com.ar\/wp-content\/uploads\/2022\/09\/fondo-03.png\" style=\"object-position:16% 55%\" data-object-fit=\"cover\" data-object-position=\"16% 55%\" srcset=\"https:\/\/wessambiental.com.ar\/wp-content\/uploads\/2022\/09\/fondo-03.png 1921w, https:\/\/wessambiental.com.ar\/wp-content\/uploads\/2022\/09\/fondo-03-300x169.png 300w, https:\/\/wessambiental.com.ar\/wp-content\/uploads\/2022\/09\/fondo-03-1024x576.png 1024w, https:\/\/wessambiental.com.ar\/wp-content\/uploads\/2022\/09\/fondo-03-768x432.png 768w, https:\/\/wessambiental.com.ar\/wp-content\/uploads\/2022\/09\/fondo-03-1536x864.png 1536w\" sizes=\"(max-width: 1921px) 100vw, 1921px\" \/><div class=\"wp-block-cover__inner-container\">\n<div class=\"wp-container-1 is-nowrap wp-block-group titulo-seccion\">\n<figure class=\"wp-block-image size-full\"><img loading=\"lazy\" width=\"160\" height=\"54\" src=\"https:\/\/wessambiental.com.ar\/wp-content\/uploads\/2022\/09\/isotipo-02-e1662703919737.png\" alt=\"\" class=\"wp-image-48\"\/><\/figure>\n\n\n\n<h2 class=\"tittle-dark has-black-color has-text-color\" style=\"font-style:normal;font-weight:600\">PREGUNTAS FRECUENTES<\/h2>\n<\/div>\n<\/div><\/div>\n\n\n\n<div class=\"wp-block-cover alignfull is-light not-home\" style=\"padding-right:10%;padding-left:10%;min-height:100px\"><span aria-hidden=\"true\" class=\"wp-block-cover__background has-background-dim-0 has-background-dim\"><\/span><img loading=\"lazy\" width=\"1921\" height=\"1080\" class=\"wp-block-cover__image-background wp-image-45\" alt=\"\" src=\"https:\/\/wessambiental.com.ar\/wp-content\/uploads\/2022\/09\/fondo-02.png\" data-object-fit=\"cover\" srcset=\"https:\/\/wessambiental.com.ar\/wp-content\/uploads\/2022\/09\/fondo-02.png 1921w, https:\/\/wessambiental.com.ar\/wp-content\/uploads\/2022\/09\/fondo-02-300x169.png 300w, https:\/\/wessambiental.com.ar\/wp-content\/uploads\/2022\/09\/fondo-02-1024x576.png 1024w, https:\/\/wessambiental.com.ar\/wp-content\/uploads\/2022\/09\/fondo-02-768x432.png 768w, https:\/\/wessambiental.com.ar\/wp-content\/uploads\/2022\/09\/fondo-02-1536x864.png 1536w\" sizes=\"(max-width: 1921px) 100vw, 1921px\" \/><div class=\"wp-block-cover__inner-container\">\n<div class=\"wp-container-3 wp-block-columns\">\n<div class=\"wp-container-2 wp-block-column preguntas\">\n<h3>Seguridad e Higiene: \u00bfqu\u00e9 es?<\/h3>\n\n\n\n<p>La Seguridad e Higiene en el Trabajo es un Servicio de Asesoramiento y Capacitaci\u00f3n para la prevenci\u00f3n de accidentes y enfermedades laborales.<br><\/p>\n\n\n\n<p>Implica minimizar los riesgos que producen accidentes de trabajo y enfermedades profesionales. Siendo su principal objetivo proteger la vida y preservar los bienes materiales puestos en funci\u00f3n productiva, comprende las normas t\u00e9cnicas y las medidas sanitarias para prevenir, reducir, eliminar o aislar riesgos de los distintos establecimientos, centros o puestos de trabajo, tutelando la integridad psicof\u00edsica del trabajador.<\/p>\n\n\n\n<h3>\u00bfMi empresa lo necesita?<\/h3>\n\n\n\n<p>Siempre.<\/p>\n\n\n\n<ul><li>Para proteger a sus empleados de accidentes laborales o p\u00e9rdida de capacidades.<\/li><li>Para estar en condiciones necesarias de desarrollar la actividad seg\u00fan lo exige la Ley Nacional de Higiene y Seguridad en el Trabajo 19.587.<\/li><li>Para evitar multas de gran costo.<\/li><li>Al estar cubiertos con el Servicio de S&amp;H, las empresas se encuentran en cumplimiento de las Normativas Legales vigentes frente a las Autoridades de aplicaci\u00f3n, ART, Municipalidad, etc.<\/li><li>Proporciona Seguridad para toda la Organizaci\u00f3n posibilitando mejorar los est\u00e1ndares de Calidad, Productividad y Trabajo Sin Riesgos.<\/li><\/ul>\n\n\n\n<h3>Seguridad e Higiene: \u00bfqu\u00e9 es?<\/h3>\n\n\n\n<h4>01) <strong>Porque cuida a sus empleados<\/strong>.<\/h4>\n\n\n\n<ul><li>Protege sus vidas.<\/li><li>Minimiza riesgos.<\/li><li>Previene accidentes laborales y cuida el capital humano de su empresa.<\/li><\/ul>\n\n\n\n<h4>02) Porque lo exige la ley.<\/h4>\n\n\n\n<p><strong>Legalmente, la contrataci\u00f3n por parte de los establecimientos del servicio de Seguridad e Higiene en el Trabajo, se dispone como&nbsp;obligatoria en la Ley Nacional 19.587.&nbsp;<\/strong><\/p>\n\n\n\n<p><strong>El Decreto Reglamentario 351\/79, modificado por el Decreto 1338\/96, dispone que a los efectos del cumplimiento del art\u00edculo 5\u00ba de la Ley Nacional N\u00ba 19.587, los establecimientos deber\u00e1n contar, con car\u00e1cter interno o externo seg\u00fan la voluntad del empleador, con el Servicio de Higiene y Seguridad en el Trabajo bajo la responsabilidad de graduados universitarios, de acuerdo al detalle que se fija en los art\u00edculos del Decreto 1338\/96.<\/strong><\/p>\n\n\n\n<h4>03) <strong>Porque cuida la econom\u00eda de su empresa<\/strong>.<\/h4>\n\n\n\n<ul><li>Los costos que traen aparejados los accidentes y\/o enfermedades profesionales, son sumamente lesivos para el capital de la empresa.<\/li><li>Los seguros pueden no pagar si se comprueba que no se han cumplido las normas establecidas.<\/li><li>En las visitas que habitualmente realizan los representantes t\u00e9cnicos de las Aseguradoras de Riesgos en el Trabajo (ART) solicitan requisitos. El primero de ellos suele ser: \u201ccontar con el Servicio de Seguridad e Higiene en el Trabajo\u201d. Con esto, la ART se asegura de que su empresa cumpla con las normas de higiene y seguridad y Ud. se asegura una correcta cobertura.<\/li><li>Con nuestro servicio de Seguridad e Higiene Ud. evita multas por falta de cumplimiento y responsabilidad.<\/li><\/ul>\n<\/div>\n<\/div>\n<\/div><\/div>\n","protected":false},"excerpt":{"rendered":"","protected":false},"author":1,"featured_media":0,"parent":0,"menu_order":0,"comment_status":"closed","ping_status":"closed","template":"","meta":{"om_disable_all_campaigns":false,"_monsterinsights_skip_tracking":false,"_monsterinsights_sitenote_active":false,"_monsterinsights_sitenote_note":"","_monsterinsights_sitenote_category":0,"_joinchat":[]},"aioseo_notices":[],"_links":{"self":[{"href":"https:\/\/wessambiental.com.ar\/index.php\/wp-json\/wp\/v2\/pages\/623"}],"collection":[{"href":"https:\/\/wessambiental.com.ar\/index.php\/wp-json\/wp\/v2\/pages"}],"about":[{"href":"https:\/\/wessambiental.com.ar\/index.php\/wp-json\/wp\/v2\/types\/page"}],"author":[{"embeddable":true,"href":"https:\/\/wessambiental.com.ar\/index.php\/wp-json\/wp\/v2\/users\/1"}],"replies":[{"embeddable":true,"href":"https:\/\/wessambiental.com.ar\/index.php\/wp-json\/wp\/v2\/comments?post=623"}],"version-history":[{"count":10,"href":"https:\/\/wessambiental.com.ar\/index.php\/wp-json\/wp\/v2\/pages\/623\/revisions"}],"predecessor-version":[{"id":826,"href":"https:\/\/wessambiental.com.ar\/index.php\/wp-json\/wp\/v2\/pages\/623\/revisions\/826"}],"wp:attachment":[{"href":"https:\/\/wessambiental.com.ar\/index.php\/wp-json\/wp\/v2\/media?parent=623"}],"curies":[{"name":"wp","href":"https:\/\/api.w.org\/{rel}","templated":true}]}}