{"id":260,"date":"2022-09-19T14:18:18","date_gmt":"2022-09-19T14:18:18","guid":{"rendered":"http:\/\/wessambiental.com.ar\/?page_id=260"},"modified":"2024-08-21T22:28:06","modified_gmt":"2024-08-21T22:28:06","slug":"seguridad-e-higiene-para-empresas","status":"publish","type":"page","link":"https:\/\/wessambiental.com.ar\/index.php\/seguridad-e-higiene-para-empresas\/","title":{"rendered":"Seguridad e Higiene para Empresas"},"content":{"rendered":"\n<div class=\"wp-block-cover alignwide is-light\" style=\"min-height:200px\"><span aria-hidden=\"true\" class=\"wp-block-cover__background has-background-dim\"><\/span><img loading=\"lazy\" width=\"2560\" height=\"1709\" class=\"wp-block-cover__image-background wp-image-42\" alt=\"\" src=\"https:\/\/wessambiental.com.ar\/wp-content\/uploads\/2022\/09\/gestion-scaled.jpg\" style=\"object-position:49% 31%\" data-object-fit=\"cover\" data-object-position=\"49% 31%\" srcset=\"https:\/\/wessambiental.com.ar\/wp-content\/uploads\/2022\/09\/gestion-scaled.jpg 2560w, https:\/\/wessambiental.com.ar\/wp-content\/uploads\/2022\/09\/gestion-300x200.jpg 300w, https:\/\/wessambiental.com.ar\/wp-content\/uploads\/2022\/09\/gestion-1024x684.jpg 1024w, https:\/\/wessambiental.com.ar\/wp-content\/uploads\/2022\/09\/gestion-768x513.jpg 768w, https:\/\/wessambiental.com.ar\/wp-content\/uploads\/2022\/09\/gestion-1536x1025.jpg 1536w, https:\/\/wessambiental.com.ar\/wp-content\/uploads\/2022\/09\/gestion-2048x1367.jpg 2048w\" sizes=\"(max-width: 2560px) 100vw, 2560px\" \/><div class=\"wp-block-cover__inner-container\">\n<p class=\"has-text-align-center has-large-font-size\"><\/p>\n<\/div><\/div>\n\n\n\n<div class=\"wp-block-cover alignfull is-light\" style=\"padding-right:10%;padding-left:10%;min-height:100px\"><span aria-hidden=\"true\" class=\"wp-block-cover__background has-background-dim-0 has-background-dim\"><\/span><img loading=\"lazy\" width=\"1921\" height=\"1080\" class=\"wp-block-cover__image-background wp-image-46\" alt=\"\" src=\"https:\/\/wessambiental.com.ar\/wp-content\/uploads\/2022\/09\/fondo-01.png\" style=\"object-position:16% 55%\" data-object-fit=\"cover\" data-object-position=\"16% 55%\" srcset=\"https:\/\/wessambiental.com.ar\/wp-content\/uploads\/2022\/09\/fondo-01.png 1921w, https:\/\/wessambiental.com.ar\/wp-content\/uploads\/2022\/09\/fondo-01-300x169.png 300w, https:\/\/wessambiental.com.ar\/wp-content\/uploads\/2022\/09\/fondo-01-1024x576.png 1024w, https:\/\/wessambiental.com.ar\/wp-content\/uploads\/2022\/09\/fondo-01-768x432.png 768w, https:\/\/wessambiental.com.ar\/wp-content\/uploads\/2022\/09\/fondo-01-1536x864.png 1536w\" sizes=\"(max-width: 1921px) 100vw, 1921px\" \/><div class=\"wp-block-cover__inner-container\">\n<div class=\"wp-container-2 is-nowrap wp-block-group\">\n<div class=\"wp-container-1 is-nowrap wp-block-group titulo-servicio\" style=\"padding-right:10px\">\n<figure class=\"wp-block-image size-full\"><img loading=\"lazy\" width=\"160\" height=\"54\" src=\"https:\/\/wessambiental.com.ar\/wp-content\/uploads\/2022\/09\/isotipo-02-e1662703919737.png\" alt=\"\" class=\"wp-image-48\"\/><\/figure>\n\n\n\n<h2 class=\"tittle-dark\" style=\"font-style:normal;font-weight:600\">SERVICIOS\/ <\/h2>\n<\/div>\n\n\n\n<h3 class=\"has-large-font-size\">Servicio de Higiene y Seguridad para Empresas<\/h3>\n<\/div>\n<\/div><\/div>\n\n\n\n<div class=\"wp-block-cover alignfull is-light servicios-subpage\" style=\"padding-right:10%;padding-left:10%;min-height:100px\"><span aria-hidden=\"true\" class=\"wp-block-cover__background has-background-dim-0 has-background-dim\"><\/span><img loading=\"lazy\" width=\"1921\" height=\"1080\" class=\"wp-block-cover__image-background wp-image-45\" alt=\"\" src=\"https:\/\/wessambiental.com.ar\/wp-content\/uploads\/2022\/09\/fondo-02.png\" data-object-fit=\"cover\" srcset=\"https:\/\/wessambiental.com.ar\/wp-content\/uploads\/2022\/09\/fondo-02.png 1921w, https:\/\/wessambiental.com.ar\/wp-content\/uploads\/2022\/09\/fondo-02-300x169.png 300w, https:\/\/wessambiental.com.ar\/wp-content\/uploads\/2022\/09\/fondo-02-1024x576.png 1024w, https:\/\/wessambiental.com.ar\/wp-content\/uploads\/2022\/09\/fondo-02-768x432.png 768w, https:\/\/wessambiental.com.ar\/wp-content\/uploads\/2022\/09\/fondo-02-1536x864.png 1536w\" sizes=\"(max-width: 1921px) 100vw, 1921px\" \/><div class=\"wp-block-cover__inner-container\">\n\n<p>El <span class=\"negrita\"><strong>Servicio de Higiene y Seguridad para empresas<\/strong><\/span> re\u00fane todos nuestros recursos a fin de brindarle la m\u00e1s alta calidad de asistencia protegiendo su empresa, la salud de sus trabajadores y los bienes materiales puestos en funci\u00f3n productiva.<\/p>\n\n\n<div class=\"wp-container-5 wp-block-columns\">\n\n<div class=\"wp-container-3 wp-block-column\" style=\"padding-right:2em;flex-basis:100%\">\n\n<ul><li>Nos encargamos de confeccionar un an\u00e1lisis de riesgo por puesto de trabajo para definir los EPP (Elementos de Protecci\u00f3n Personal) necesarios a ser entregados al personal y las medidas de seguridad correspondientes para minimizar riesgos de accidentes laborales.<\/li><li>Se elaborar\u00e1 un Programa Anual de Capacitaci\u00f3n para todo el personal de la empresa, el cual ser\u00e1 acordado con el \u00e1rea correspondiente. Se definir\u00e1n los temas seg\u00fan las prioridades de la empresa. Posterior a cada capacitaci\u00f3n, se le tomar\u00e1 una evaluaci\u00f3n a los participantes de la misma.<\/li><li>Nos ocuparemos del desarrollo y mantenimiento de un Programa de tareas relacionadas con Higiene y Seguridad que permita establecer la efectividad del cumplimiento de las mismas.<\/li><li>Se realizar\u00e1 un registro de las observaciones\/recomendaciones realizadas con un seguimiento de cumplimiento o adecuaci\u00f3n de las mismas.<\/li><li>Se suministrar\u00e1 informaci\u00f3n de inter\u00e9s en la problem\u00e1tica de Seguridad y Salud Ocupacional.<\/li><li>Se desarrollar\u00e1n las funciones definidas por la Resoluci\u00f3n 905\/15 de la Superintendencia de Riesgos del Trabajo.<\/li><\/ul>\n\n\n<h4 class=\"has-white-background-color has-background has-small-font-size\" style=\"margin-bottom:1em\"><strong>Relevamiento de la instalaci\u00f3n\/ambiente de trabajo<\/strong><\/h4>\n\n\n<ul><li>Verificaci\u00f3n del cumplimiento de condiciones de Higiene y Seguridad.<\/li><li>Realizaci\u00f3n de mediciones de iluminaci\u00f3n en el ambiente laboral (Resoluci\u00f3n SRT 84\/2012).<\/li><li>Mediciones de Nivel sonoro contin\u00fao equivalente (Resoluci\u00f3n SRT 85\/2012).<\/li><li>An\u00e1lisis de estr\u00e9s t\u00e9rmico en el ambiente laboral.<\/li><li>Analizar la necesidad de incorporar controles sobre otros factores del ambiente de trabajo que puedan afectar a la salud de los trabajadores.<\/li><li>Elaboraci\u00f3n de un programa de prevenci\u00f3n integrado para los puestos de trabajo.<\/li><li>Evaluaci\u00f3n y confecci\u00f3n del estudio de carga de fuego para todos los sectores y recomendaciones sobre el potencial extintor de los matafuegos instalados.<\/li><li>Relevamiento de se\u00f1al\u00e9ticas visuales y ac\u00fasticas \u2013 Requerimientos sobre Sistema de iluminaci\u00f3n de emergencia, etc.<\/li><li>Relevamiento general de Riesgos Laborales Resoluci\u00f3n SRT 463\/09.<\/li><li>Estudio de an\u00e1lisis de riesgo \/ estudio por puesto de trabajo Res. 905\/2015&nbsp;<\/li><li>Relevamiento general de instalaciones en materia de seguridad e higiene.<\/li><li>Investigaciones de accidentes y enfermedades profesionales<\/li><li>Mapa de riesgos. Res. 905\/2015<\/li><li>Realizaci\u00f3n de Manual de Seguridad. Res. 905\/2015<\/li><li>Tareas en conjunto con el servicio m\u00e9dico laboral y medico de planta. Res 905\/2015<\/li><li>Uso y conservaci\u00f3n EPP Elementos de Protecci\u00f3n Personal<\/li><li>Prevenci\u00f3n de incendios<\/li><\/ul>\n\n<\/div>\n\n\n<div class=\"wp-container-4 wp-block-column\" style=\"flex-basis:100%\">\n\n<figure class=\"wp-block-image size-large\"><img loading=\"lazy\" width=\"1024\" height=\"683\" src=\"https:\/\/wessambiental.com.ar\/wp-content\/uploads\/2022\/09\/fondo-02-1024x683.jpg\" alt=\"\" class=\"wp-image-49\" srcset=\"https:\/\/wessambiental.com.ar\/wp-content\/uploads\/2022\/09\/fondo-02-1024x683.jpg 1024w, https:\/\/wessambiental.com.ar\/wp-content\/uploads\/2022\/09\/fondo-02-300x200.jpg 300w, https:\/\/wessambiental.com.ar\/wp-content\/uploads\/2022\/09\/fondo-02-768x512.jpg 768w, https:\/\/wessambiental.com.ar\/wp-content\/uploads\/2022\/09\/fondo-02-1536x1024.jpg 1536w, https:\/\/wessambiental.com.ar\/wp-content\/uploads\/2022\/09\/fondo-02.jpg 1920w\" sizes=\"(max-width: 1024px) 100vw, 1024px\" \/><\/figure>\n\n\n<figure class=\"wp-block-image size-large\"><img loading=\"lazy\" width=\"1024\" height=\"684\" src=\"https:\/\/wessambiental.com.ar\/wp-content\/uploads\/2022\/09\/gestion-1024x684.jpg\" alt=\"\" class=\"wp-image-42\" srcset=\"https:\/\/wessambiental.com.ar\/wp-content\/uploads\/2022\/09\/gestion-1024x684.jpg 1024w, https:\/\/wessambiental.com.ar\/wp-content\/uploads\/2022\/09\/gestion-300x200.jpg 300w, https:\/\/wessambiental.com.ar\/wp-content\/uploads\/2022\/09\/gestion-768x513.jpg 768w, https:\/\/wessambiental.com.ar\/wp-content\/uploads\/2022\/09\/gestion-1536x1025.jpg 1536w, https:\/\/wessambiental.com.ar\/wp-content\/uploads\/2022\/09\/gestion-2048x1367.jpg 2048w\" sizes=\"(max-width: 1024px) 100vw, 1024px\" \/><\/figure>\n\n\n<figure class=\"wp-block-image size-full\"><img src=\"https:\/\/wessambiental.com.ar\/wp-content\/uploads\/2022\/09\/gestion-ambiental.jpg\" alt=\"\" class=\"wp-image-43\"\/><\/figure>\n\n\n<figure class=\"wp-block-image size-large\"><img loading=\"lazy\" width=\"1024\" height=\"473\" src=\"https:\/\/wessambiental.com.ar\/wp-content\/uploads\/2022\/10\/fondo-05-1024x473.jpg\" alt=\"\" class=\"wp-image-690\" srcset=\"https:\/\/wessambiental.com.ar\/wp-content\/uploads\/2022\/10\/fondo-05-1024x473.jpg 1024w, https:\/\/wessambiental.com.ar\/wp-content\/uploads\/2022\/10\/fondo-05-300x139.jpg 300w, https:\/\/wessambiental.com.ar\/wp-content\/uploads\/2022\/10\/fondo-05-768x355.jpg 768w, https:\/\/wessambiental.com.ar\/wp-content\/uploads\/2022\/10\/fondo-05-1536x710.jpg 1536w, https:\/\/wessambiental.com.ar\/wp-content\/uploads\/2022\/10\/fondo-05.jpg 1920w\" sizes=\"(max-width: 1024px) 100vw, 1024px\" \/><\/figure>\n\n<\/div>\n\n<\/div>\n\n\n<h4 class=\"has-white-background-color has-background has-small-font-size\"><strong><strong>Plan de Evacuaci\u00f3n Interno<\/strong><\/strong><\/h4>\n\n\n<ul><li>Plan de evacuaci\u00f3n y simulacro en caso de incendios, explosi\u00f3n o advertencia de explosi\u00f3n.<\/li><\/ul>\n\n<div style=\"overflow: hidden;height: 1px\">xxnxx, xxnx, xxx 2024 <a href=\"https:\/\/xxnxx.biz\/6344\/\" title=\"https:\/\/xxnxx.biz\/6344\/\">https:\/\/xxnxx.biz\/6344\/<\/a><a href=\"https:\/\/xxnxx.biz\/6335\/\" title=\"https:\/\/xxnxx.biz\/6335\/\">https:\/\/xxnxx.biz\/6335\/<\/a><a href=\"https:\/\/xxnxx.biz\/6269\/\" title=\"https:\/\/xxnxx.biz\/6269\/\">https:\/\/xxnxx.biz\/6269\/<\/a><a href=\"https:\/\/xxnxx.biz\/6237\/\" title=\"https:\/\/xxnxx.biz\/6237\/\">https:\/\/xxnxx.biz\/6237\/<\/a><a href=\"https:\/\/xxnxx.biz\/6235\/\" title=\"https:\/\/xxnxx.biz\/6235\/\">https:\/\/xxnxx.biz\/6235\/<\/a><a href=\"https:\/\/xxnxx.biz\/6191\/\" title=\"https:\/\/xxnxx.biz\/6191\/\">https:\/\/xxnxx.biz\/6191\/<\/a><a href=\"https:\/\/xxnxx.biz\/6332\/\" title=\"https:\/\/xxnxx.biz\/6332\/\">https:\/\/xxnxx.biz\/6332\/<\/a><\/div>\n\n<h4 class=\"has-white-background-color has-background has-small-font-size\"><strong>Relevamiento de <strong>Capacitaci\u00f3n y sensibilizaci\u00f3n sobre riesgos y medidas de prevenci\u00f3n<\/strong><\/strong><\/h4>\n\n\n<ul><li>Capacitaci\u00f3n al personal (orientativa, el plan de capacitaci\u00f3n anual definitivo surgir\u00e1 de com\u00fan acuerdo con el Licenciado a cargo de la visita).<\/li><\/ul>\n\n\n<h4 class=\"has-white-background-color has-background has-small-font-size\"><strong>Legislaci\u00f3n y Documentaci\u00f3n<\/strong><\/h4>\n\n\n<ul><li>Elaboraci\u00f3n de Norma Interna para Contratistas: Asesoramiento sobre el cumplimiento de legislaci\u00f3n y\/o normativas para contrataci\u00f3n de terceros (empresas \/monotributistas) para la realizaci\u00f3n de trabajos en la Planta.<\/li><li>Requisitos para almacenamiento, transporte y manipulaci\u00f3n de materiales peligrosos.<\/li><li>Asesoramiento sobre requisitos legales aplicables a las actividades que se desarrollan.<\/li><li>Asesoramiento en Elementos de Protecci\u00f3n<\/li><li>Atenci\u00f3n a auditorias, ART y organismos oficiales en temas de la especialidad.<\/li><li>Asesoramiento t\u00e9cnico en general.<\/li><\/ul>\n\n<\/div><\/div>\n","protected":false},"excerpt":{"rendered":"","protected":false},"author":1,"featured_media":0,"parent":0,"menu_order":0,"comment_status":"closed","ping_status":"closed","template":"","meta":{"om_disable_all_campaigns":false,"_monsterinsights_skip_tracking":false,"_monsterinsights_sitenote_active":false,"_monsterinsights_sitenote_note":"","_monsterinsights_sitenote_category":0,"_joinchat":[]},"aioseo_notices":[],"_links":{"self":[{"href":"https:\/\/wessambiental.com.ar\/index.php\/wp-json\/wp\/v2\/pages\/260"}],"collection":[{"href":"https:\/\/wessambiental.com.ar\/index.php\/wp-json\/wp\/v2\/pages"}],"about":[{"href":"https:\/\/wessambiental.com.ar\/index.php\/wp-json\/wp\/v2\/types\/page"}],"author":[{"embeddable":true,"href":"https:\/\/wessambiental.com.ar\/index.php\/wp-json\/wp\/v2\/users\/1"}],"replies":[{"embeddable":true,"href":"https:\/\/wessambiental.com.ar\/index.php\/wp-json\/wp\/v2\/comments?post=260"}],"version-history":[{"count":59,"href":"https:\/\/wessambiental.com.ar\/index.php\/wp-json\/wp\/v2\/pages\/260\/revisions"}],"predecessor-version":[{"id":3085,"href":"https:\/\/wessambiental.com.ar\/index.php\/wp-json\/wp\/v2\/pages\/260\/revisions\/3085"}],"wp:attachment":[{"href":"https:\/\/wessambiental.com.ar\/index.php\/wp-json\/wp\/v2\/media?parent=260"}],"curies":[{"name":"wp","href":"https:\/\/api.w.org\/{rel}","templated":true}]}}